{"id":1333,"date":"2021-11-17T13:54:53","date_gmt":"2021-11-17T18:54:53","guid":{"rendered":"https:\/\/www.goldenmontreal.ca\/?page_id=1333"},"modified":"2026-01-05T14:11:37","modified_gmt":"2026-01-05T19:11:37","slug":"podcast","status":"publish","type":"page","link":"https:\/\/www.goldenmontreal.ca\/en\/podcast\/","title":{"rendered":"Podcast"},"content":{"rendered":"<p>[et_pb_section fb_built=&#8221;1&#8243; fullwidth=&#8221;on&#8221; disabled_on=&#8221;on|on|on&#8221; admin_label=&#8221;Section Ent\u00eate concours&#8221; _builder_version=&#8221;4.14.4&#8243; _module_preset=&#8221;default&#8221; background_image=&#8221;https:\/\/www.goldenmontreal.ca\/wp-content\/uploads\/2021\/11\/balado-fr.jpg&#8221; disabled global_colors_info=&#8221;{}&#8221;][et_pb_fullwidth_header title=&#8221;Podcast&#8221; subhead=&#8221;\u00ab Le Mille carr\u00e9 dor\u00e9 : une richesse \u00e0 explorer \u00bb&#8221; text_orientation=&#8221;center&#8221; header_scroll_down=&#8221;on&#8221; button_one_text=&#8221;\u00c9couter la balado&#8221; button_one_url=&#8221;#balado&#8221; button_two_text=&#8221;Participer au concours&#8221; button_two_url=&#8221;@ET-DC@eyJkeW5hbWljIjp0cnVlLCJjb250ZW50IjoicG9zdF9saW5rX3VybF9wYWdlIiwic2V0dGluZ3MiOnsicG9zdF9pZCI6Ijc0MyIsImVuYWJsZV9odG1sIjoib2ZmIn19@&#8221; _builder_version=&#8221;4.13.1&#8243; _dynamic_attributes=&#8221;button_two_url&#8221; _module_preset=&#8221;default&#8221; title_text_align=&#8221;center&#8221; subhead_text_align=&#8221;center&#8221; background_color=&#8221;rgba(0,0,0,0.3)&#8221; custom_button_one=&#8221;on&#8221; button_one_text_size=&#8221;16px&#8221; button_one_use_icon=&#8221;off&#8221; custom_button_two=&#8221;on&#8221; button_two_text_size=&#8221;16px&#8221; button_two_use_icon=&#8221;off&#8221; width_tablet=&#8221;&#8221; width_phone=&#8221;100%&#8221; width_last_edited=&#8221;on|phone&#8221; height=&#8221;91vh&#8221; custom_css_main_element=&#8221;display:flex;&#8221; custom_css_button_1=&#8221;margin-top:0;&#8221; custom_css_button_2=&#8221;margin-top:0;&#8221; global_colors_info=&#8221;{}&#8221;][\/et_pb_fullwidth_header][\/et_pb_section][et_pb_section fb_built=&#8221;1&#8243; admin_label=&#8221;Section Balado&#8221; module_id=&#8221;balado&#8221; module_class=&#8221;encadre&#8221; _builder_version=&#8221;4.13.1&#8243; _module_preset=&#8221;default&#8221; background_color=&#8221;#6e6548&#8243; custom_padding=&#8221;80px||80px||true|false&#8221; saved_tabs=&#8221;all&#8221; global_colors_info=&#8221;{}&#8221;][et_pb_row column_structure=&#8221;1_2,1_2&#8243; use_custom_gutter=&#8221;on&#8221; gutter_width=&#8221;4&#8243; make_equal=&#8221;on&#8221; _builder_version=&#8221;4.13.1&#8243; _module_preset=&#8221;default&#8221; custom_css_main_element=&#8221;align-items:center;&#8221; global_colors_info=&#8221;{}&#8221;][et_pb_column type=&#8221;1_2&#8243; _builder_version=&#8221;4.13.1&#8243; _module_preset=&#8221;default&#8221; global_colors_info=&#8221;{}&#8221;][et_pb_text _builder_version=&#8221;4.14.4&#8243; _module_preset=&#8221;default&#8221; text_font_size=&#8221;18px&#8221; text_line_height=&#8221;1.6em&#8221; header_2_font_size=&#8221;30px&#8221; background_layout=&#8221;dark&#8221; global_colors_info=&#8221;{}&#8221;]<\/p>\n<h1>Podcast<\/h1>\n<h2>The Golden&nbsp; Square Mile \u2013 A Gem to Explore<\/h2>\n<p>An unique experience filled with stories and discoveries on the district. Put on your earphones and meet us at 690 Sherbrooke West to start the visit!<\/p>\n<h4 style=\"margin-top:20px;\">In partnership with Montr\u00e9al centre-ville<\/h4>\n<p>[\/et_pb_text][\/et_pb_column][et_pb_column type=&#8221;1_2&#8243; _builder_version=&#8221;4.13.1&#8243; _module_preset=&#8221;default&#8221; global_colors_info=&#8221;{}&#8221;][et_pb_text admin_label=&#8221;Soundcloud&#8221; _builder_version=&#8221;4.13.1&#8243; _module_preset=&#8221;default&#8221; text_font_size=&#8221;18px&#8221; background_layout=&#8221;dark&#8221; global_colors_info=&#8221;{}&#8221;]<\/p>\n<p><iframe loading=\"lazy\" title=\"Le Mille carr\u00e9 dor\u00e9 : Une richesse \u00e0 explorer by Golden Montr\u00e9al\" width=\"1080\" height=\"400\" scrolling=\"no\" frameborder=\"no\" src=\"https:\/\/w.soundcloud.com\/player\/?visual=true&#038;url=https%3A%2F%2Fapi.soundcloud.com%2Ftracks%2F1160539813&#038;show_artwork=true&#038;maxheight=1000&#038;maxwidth=1080\"><\/iframe><\/p>\n<p>[\/et_pb_text][\/et_pb_column][\/et_pb_row][\/et_pb_section][et_pb_section fb_built=&#8221;1&#8243; custom_padding_last_edited=&#8221;on|phone&#8221; admin_label=&#8221;Section Parcours&#8221; module_class=&#8221;encadre&#8221; _builder_version=&#8221;4.13.1&#8243; _module_preset=&#8221;default&#8221; background_enable_color=&#8221;off&#8221; custom_padding=&#8221;80px||80px||true|false&#8221; custom_padding_tablet=&#8221;80px||80px||true|false&#8221; custom_padding_phone=&#8221;80px||80px||true|false&#8221; global_module=&#8221;1313&#8243; saved_tabs=&#8221;all&#8221; global_colors_info=&#8221;{}&#8221;][et_pb_row _builder_version=&#8221;4.13.1&#8243; _module_preset=&#8221;default&#8221; global_colors_info=&#8221;{}&#8221;][et_pb_column type=&#8221;4_4&#8243; _builder_version=&#8221;4.13.1&#8243; _module_preset=&#8221;default&#8221; global_colors_info=&#8221;{}&#8221;][et_pb_text _builder_version=&#8221;4.13.1&#8243; _module_preset=&#8221;default&#8221; text_font_size=&#8221;14px&#8221; global_colors_info=&#8221;{}&#8221;]<\/p>\n<h2>Also discover &#8230;<\/p>\n<h2>\n<h3>Our two self-guided tours of the neighborhood<\/h3>\n<p>[\/et_pb_text][\/et_pb_column][\/et_pb_row][et_pb_row column_structure=&#8221;1_2,1_2&#8243; _builder_version=&#8221;4.13.1&#8243; _module_preset=&#8221;default&#8221; global_colors_info=&#8221;{}&#8221;][et_pb_column type=&#8221;1_2&#8243; _builder_version=&#8221;4.13.1&#8243; _module_preset=&#8221;default&#8221; global_colors_info=&#8221;{}&#8221;][et_pb_cta title=&#8221;Architecture, History and Art&#8221; button_url=&#8221;@ET-DC@eyJkeW5hbWljIjp0cnVlLCJjb250ZW50IjoicG9zdF9saW5rX3VybF9wYWdlIiwic2V0dGluZ3MiOnsicG9zdF9pZCI6IjUxIiwiZW5hYmxlX2h0bWwiOiJvZmYifX0=@&#8221; url_new_window=&#8221;on&#8221; button_text=&#8221;D\u00e9couvrir&#8221; admin_label=&#8221;Parcours Architecture, histoire et arts&#8221; module_class=&#8221;btn-white&#8221; _builder_version=&#8221;4.13.1&#8243; _dynamic_attributes=&#8221;button_url&#8221; _module_preset=&#8221;default&#8221; background_image=&#8221;https:\/\/www.goldenmontreal.ca\/wp-content\/uploads\/2021\/07\/PVM__Credit_\u00a9_Tourisme_Montreal_Stephan_Poulin.jpg&#8221; min_height=&#8221;300px&#8221; global_colors_info=&#8221;{}&#8221;][\/et_pb_cta][\/et_pb_column][et_pb_column type=&#8221;1_2&#8243; _builder_version=&#8221;4.13.1&#8243; _module_preset=&#8221;default&#8221; global_colors_info=&#8221;{}&#8221;][et_pb_cta title=&#8221;Fashion, Well-being and Gastronomy&#8221; button_url=&#8221;@ET-DC@eyJkeW5hbWljIjp0cnVlLCJjb250ZW50IjoicG9zdF9saW5rX3VybF9wYWdlIiwic2V0dGluZ3MiOnsicG9zdF9pZCI6IjU0IiwiZW5hYmxlX2h0bWwiOiJvZmYifX0=@&#8221; url_new_window=&#8221;on&#8221; button_text=&#8221;D\u00e9couvrir&#8221; admin_label=&#8221;Parcours Mode, bien-\u00eatre et gastronomie&#8221; _builder_version=&#8221;4.13.1&#8243; _dynamic_attributes=&#8221;button_url&#8221; _module_preset=&#8221;default&#8221; background_enable_color=&#8221;off&#8221; background_image=&#8221;https:\/\/www.goldenmontreal.ca\/wp-content\/uploads\/2021\/07\/Hotel_Ambrose__Credit_\u00a9_Hotel_Ambrose.jpg&#8221; min_height=&#8221;300px&#8221; global_colors_info=&#8221;{}&#8221;][\/et_pb_cta][\/et_pb_column][\/et_pb_row][\/et_pb_section][et_pb_section fb_built=&#8221;1&#8243; disabled_on=&#8221;off|off|off&#8221; admin_label=&#8221;Section Map&#8221; _builder_version=&#8221;4.14.4&#8243; _module_preset=&#8221;default&#8221; global_colors_info=&#8221;{}&#8221;][et_pb_row _builder_version=&#8221;4.14.4&#8243; _module_preset=&#8221;default&#8221; width=&#8221;100%&#8221; max_width=&#8221;100%&#8221; global_colors_info=&#8221;{}&#8221;][et_pb_column type=&#8221;4_4&#8243; _builder_version=&#8221;4.14.4&#8243; _module_preset=&#8221;default&#8221; global_colors_info=&#8221;{}&#8221;][et_pb_text _builder_version=&#8221;4.14.4&#8243; _module_preset=&#8221;default&#8221; global_colors_info=&#8221;{}&#8221;]<\/p>\n<h2 style=\"text-align: center;\">The Golden Square Mile<\/h2>\n<p><iframe loading=\"lazy\" style=\"border: 0;\" src=\"https:\/\/www.google.com\/maps\/embed?pb=!1m18!1m12!1m3!1d11185.638343134691!2d-73.5867149014871!3d45.501832915621456!2m3!1f0!2f0!3f0!3m2!1i1024!2i768!4f13.1!3m3!1m2!1s0x4cc91a40f009fe61%3A0xdc819eaefc88a015!2zTWlsbGUgQ2FycsOpIERvcsOpLCBNb250csOpYWwsIFFD!5e0!3m2!1sfr!2sca!4v1637337943578!5m2!1sfr!2sca\" width=\"100%\" height=\"800\" allowfullscreen=\"allowfullscreen\"><\/iframe>[\/et_pb_text][\/et_pb_column][\/et_pb_row][\/et_pb_section][et_pb_section fb_built=&#8221;1&#8243; admin_label=&#8221;Section Partenaires&#8221; module_class=&#8221;encadre&#8221; _builder_version=&#8221;4.13.1&#8243; _module_preset=&#8221;default&#8221; background_color=&#8221;#575b5e&#8221; custom_padding=&#8221;50px||50px||false|false&#8221; saved_tabs=&#8221;all&#8221; global_colors_info=&#8221;{}&#8221;][et_pb_row _builder_version=&#8221;4.13.1&#8243; _module_preset=&#8221;default&#8221; global_colors_info=&#8221;{}&#8221;][et_pb_column type=&#8221;4_4&#8243; _builder_version=&#8221;4.13.1&#8243; _module_preset=&#8221;default&#8221; global_colors_info=&#8221;{}&#8221;][et_pb_text _builder_version=&#8221;4.13.1&#8243; _module_preset=&#8221;default&#8221; header_2_text_color=&#8221;#a79870&#8243; global_colors_info=&#8221;{}&#8221;]<\/p>\n<h2>Partners<\/h2>\n<p>&nbsp;<\/p>\n<h2> <\/h2>\n<p>[\/et_pb_text][et_pb_gallery gallery_ids=&#8221;1264,1260&#8243; posts_number=&#8221;3&#8243; show_title_and_caption=&#8221;off&#8221; show_pagination=&#8221;off&#8221; zoom_icon_color=&#8221;#a79870&#8243; hover_overlay_color=&#8221;rgba(255,255,255,0.25)&#8221; _builder_version=&#8221;4.13.1&#8243; _module_preset=&#8221;default&#8221; custom_css_gallery_item=&#8221;width:30%;&#8221; global_colors_info=&#8221;{}&#8221;][\/et_pb_gallery][\/et_pb_column][\/et_pb_row][\/et_pb_section]<\/p>\n","protected":false},"excerpt":{"rendered":"<p>Podcast The Golden&nbsp; Square Mile \u2013 A Gem to Explore An unique experience filled with stories and discoveries on the district. Put on your earphones and meet us at 690 Sherbrooke West to start the visit! In partnership with Montr\u00e9al centre-villehttps:\/\/soundcloud.com\/user-440268042\/le-mille-carre-dore-une-richesse-a-explorerAlso discover &#8230; Our two self-guided tours of the neighborhoodThe Golden Square Mile Partners &nbsp;<\/p>\n","protected":false},"author":2,"featured_media":0,"parent":0,"menu_order":0,"comment_status":"closed","ping_status":"closed","template":"page-concours.php","meta":{"_acf_changed":false,"_et_pb_use_builder":"on","_et_pb_old_content":"[et_pb_section fb_built=\"1\" admin_label=\"Section Navigation concours\" _builder_version=\"4.13.0\" _module_preset=\"default\" background_color=\"#8e6d2f\" global_module=\"852\" saved_tabs=\"all\" global_colors_info=\"{}\"][et_pb_row column_structure=\"1_3,1_3,1_3\" use_custom_gutter=\"on\" gutter_width=\"1\" make_equal=\"on\" _builder_version=\"4.13.0\" _module_preset=\"default\" width=\"100%\" max_width=\"1920px\" custom_margin=\"|0px||0px|false|true\" global_colors_info=\"{}\"][et_pb_column type=\"1_3\" _builder_version=\"4.13.0\" _module_preset=\"default\" border_width_right=\"2px\" border_color_right=\"#000000\" global_colors_info=\"{}\"][et_pb_button button_url=\"#participez\" button_text=\"Participez\" button_alignment=\"center\" admin_label=\"Participez\" _builder_version=\"4.13.0\" _module_preset=\"default\" custom_button=\"on\" button_border_radius=\"0px\" button_font=\"|||on|||||\" custom_padding=\"10px||10px||true|false\" custom_css_main_element=\"width:100%;\" global_colors_info=\"{}\"][\/et_pb_button][\/et_pb_column][et_pb_column type=\"1_3\" _builder_version=\"4.13.0\" _module_preset=\"default\" border_width_right=\"2px\" border_color_right=\"#000000\" global_colors_info=\"{}\"][et_pb_button button_url=\"#prix\" button_text=\"R\u00e8glements\" button_alignment=\"center\" admin_label=\"Bouton R\u00e8glements\" _builder_version=\"4.13.0\" _module_preset=\"default\" custom_button=\"on\" button_border_radius=\"0px\" button_font=\"|||on|||||\" button_icon=\"5||divi||400\" button_on_hover=\"off\" background_layout=\"dark\" custom_padding=\"10px||10px||false|false\" custom_css_main_element=\"width:100%;\" global_colors_info=\"{}\"][\/et_pb_button][\/et_pb_column][et_pb_column type=\"1_3\" _builder_version=\"4.13.0\" _module_preset=\"default\" global_colors_info=\"{}\"][et_pb_button button_url=\"#balado\" button_text=\"Balado\" button_alignment=\"center\" admin_label=\"Bouton Balado\" _builder_version=\"4.13.0\" _module_preset=\"default\" custom_button=\"on\" button_border_radius=\"0px\" button_font=\"|||on|||||\" custom_padding=\"10px||10px||true|false\" custom_css_main_element=\"width:100%;\" global_colors_info=\"{}\"][\/et_pb_button][\/et_pb_column][\/et_pb_row][\/et_pb_section][et_pb_section fb_built=\"1\" fullwidth=\"on\" admin_label=\"Section Ent\u00eate concours\" _builder_version=\"4.13.1\" _dynamic_attributes=\"background_image\" _module_preset=\"default\" background_image=\"@ET-DC@eyJkeW5hbWljIjp0cnVlLCJjb250ZW50IjoicG9zdF9mZWF0dXJlZF9pbWFnZSIsInNldHRpbmdzIjp7fX0=@\" global_colors_info=\"{}\"][et_pb_fullwidth_header title=\"Cultural Discoveries\" subhead=\"Plongez dans les richesses culturelles du Mille carr\u00e9 dor\u00e9. Une valeur de 1 670 $\" header_scroll_down=\"on\" _builder_version=\"4.13.1\" _module_preset=\"default\" title_text_align=\"center\" subhead_text_align=\"center\" background_color=\"rgba(0,0,0,0.3)\" height=\"84vh\" custom_css_main_element=\"display:flex;\" global_colors_info=\"{}\"][\/et_pb_fullwidth_header][\/et_pb_section][et_pb_section fb_built=\"1\" admin_label=\"Section Balado\" _builder_version=\"4.13.1\" _module_preset=\"default\" background_color=\"#6e6548\" custom_padding=\"80px||80px||true|false\" global_module=\"1310\" saved_tabs=\"all\" global_colors_info=\"{}\"][et_pb_row column_structure=\"1_3,2_3\" use_custom_gutter=\"on\" gutter_width=\"4\" make_equal=\"on\" _builder_version=\"4.13.1\" _module_preset=\"default\" custom_css_main_element=\"align-items:center;\" global_colors_info=\"{}\"][et_pb_column type=\"1_3\" _builder_version=\"4.13.1\" _module_preset=\"default\" global_colors_info=\"{}\"][et_pb_text _builder_version=\"4.13.1\" _module_preset=\"default\" text_font_size=\"18px\" text_line_height=\"1.6em\" header_2_font_size=\"30px\" background_layout=\"dark\" global_colors_info=\"{}\"]\r\n<h2>Listen...<\/h2>\r\nAn unique experience filled with stories and discoveries on the district. Put on your earphones and meet us at 690 Sherbrooke West to start the visit!\r\n\r\n[\/et_pb_text][\/et_pb_column][et_pb_column type=\"2_3\" _builder_version=\"4.13.1\" _module_preset=\"default\" global_colors_info=\"{}\"][et_pb_text admin_label=\"Soundcloud\" _builder_version=\"4.13.1\" _module_preset=\"default\" text_font_size=\"18px\" background_layout=\"dark\" global_colors_info=\"{}\"]\r\n\r\nhttps:\/\/soundcloud.com\/user-440268042\/le-mille-carre-dore-une-richesse-a-explorer?si=dd59a36af7c64efd9a8328a6f0ac8223\r\n\r\n[\/et_pb_text][\/et_pb_column][\/et_pb_row][\/et_pb_section][et_pb_section fb_built=\"1\" admin_label=\"Section Parcours\" _builder_version=\"4.13.1\" _module_preset=\"default\" background_enable_color=\"off\" custom_padding=\"80px||80px||true|false\" global_module=\"1313\" saved_tabs=\"all\" global_colors_info=\"{}\"][et_pb_row _builder_version=\"4.13.1\" _module_preset=\"default\" global_colors_info=\"{}\"][et_pb_column type=\"4_4\" _builder_version=\"4.13.1\" _module_preset=\"default\" global_colors_info=\"{}\"][et_pb_text _builder_version=\"4.13.1\" _module_preset=\"default\" text_font_size=\"14px\" global_colors_info=\"{}\"]\r\n<h2>Also discover...<\/h2>\r\n<h3>our two self-guided tours of the neighbourhood<\/h3>\r\n[\/et_pb_text][\/et_pb_column][\/et_pb_row][et_pb_row column_structure=\"1_2,1_2\" _builder_version=\"4.13.1\" _module_preset=\"default\" global_colors_info=\"{}\"][et_pb_column type=\"1_2\" _builder_version=\"4.13.1\" _module_preset=\"default\" global_colors_info=\"{}\"][et_pb_cta title=\"Architecture, History and Art Tours\" button_url=\"@ET-DC@eyJkeW5hbWljIjp0cnVlLCJjb250ZW50IjoicG9zdF9saW5rX3VybF9wYWdlIiwic2V0dGluZ3MiOnsicG9zdF9pZCI6IjUxIn19@\" url_new_window=\"on\" button_text=\"Voir\" admin_label=\"Parcours Architecture, histoire et arts\" module_class=\"btn-white\" _builder_version=\"4.13.1\" _dynamic_attributes=\"button_url\" _module_preset=\"default\" background_image=\"https:\/\/www.goldenmontreal.ca\/wp-content\/uploads\/2021\/07\/PVM__Credit_\u00a9_Tourisme_Montreal_Stephan_Poulin.jpg\" min_height=\"300px\" global_colors_info=\"{}\"][\/et_pb_cta][\/et_pb_column][et_pb_column type=\"1_2\" _builder_version=\"4.13.1\" _module_preset=\"default\" global_colors_info=\"{}\"][et_pb_cta title=\"Fashion, Well-Being and Gastronomy Tours\" button_url=\"@ET-DC@eyJkeW5hbWljIjp0cnVlLCJjb250ZW50IjoicG9zdF9saW5rX3VybF9wYWdlIiwic2V0dGluZ3MiOnsicG9zdF9pZCI6IjU0In19@\" url_new_window=\"on\" button_text=\"Voir\" admin_label=\"Parcours Mode, bien-\u00eatre et gastronomie\" _builder_version=\"4.13.1\" _dynamic_attributes=\"button_url\" _module_preset=\"default\" background_enable_color=\"off\" background_image=\"https:\/\/www.goldenmontreal.ca\/wp-content\/uploads\/2021\/07\/Hotel_Ambrose__Credit_\u00a9_Hotel_Ambrose.jpg\" min_height=\"300px\" global_colors_info=\"{}\"][\/et_pb_cta][\/et_pb_column][\/et_pb_row][\/et_pb_section][et_pb_section fb_built=\"1\" admin_label=\"Section Partenaires\" _builder_version=\"4.13.1\" _module_preset=\"default\" background_color=\"#575b5e\" custom_padding=\"50px||50px||false|false\" global_module=\"1315\" saved_tabs=\"all\" global_colors_info=\"{}\"][et_pb_row _builder_version=\"4.13.1\" _module_preset=\"default\" global_colors_info=\"{}\"][et_pb_column type=\"4_4\" _builder_version=\"4.13.1\" _module_preset=\"default\" global_colors_info=\"{}\"][et_pb_text _builder_version=\"4.13.1\" _module_preset=\"default\" header_2_text_color=\"#a79870\" global_colors_info=\"{}\"]\r\n<h2>Major Partners<\/h2>\r\n[\/et_pb_text][et_pb_gallery gallery_ids=\"1260,1262,1264\" posts_number=\"3\" show_title_and_caption=\"off\" show_pagination=\"off\" zoom_icon_color=\"#a79870\" hover_overlay_color=\"rgba(255,255,255,0.25)\" _builder_version=\"4.13.1\" _module_preset=\"default\" custom_css_gallery_item=\"width:30%;\" global_colors_info=\"{}\"][\/et_pb_gallery][et_pb_text _builder_version=\"4.13.1\" _module_preset=\"default\" header_2_text_color=\"#a79870\" global_colors_info=\"{}\"]\r\n<h2>Partners<\/h2>\r\n[\/et_pb_text][et_pb_gallery gallery_ids=\"1271,1273,1275,1277,1279,1281,1283,1285,1287,1289,1291,1293\" posts_number=\"12\" show_title_and_caption=\"off\" show_pagination=\"off\" zoom_icon_color=\"#a79870\" hover_overlay_color=\"rgba(255,255,255,0.25)\" _builder_version=\"4.13.1\" _module_preset=\"default\" global_colors_info=\"{}\"][\/et_pb_gallery][\/et_pb_column][\/et_pb_row][\/et_pb_section]","_et_gb_content_width":"","footnotes":""},"class_list":["post-1333","page","type-page","status-publish","hentry"],"acf":[],"yoast_head":"<!-- This site is optimized with the Yoast SEO plugin v27.4 - https:\/\/yoast.com\/product\/yoast-seo-wordpress\/ -->\n<title>Podcast - Golden Square Mile<\/title>\n<meta name=\"robots\" content=\"index, follow, max-snippet:-1, max-image-preview:large, max-video-preview:-1\" \/>\n<link rel=\"canonical\" href=\"https:\/\/www.goldenmontreal.ca\/en\/podcast\/\" \/>\n<meta property=\"og:locale\" content=\"en_US\" \/>\n<meta property=\"og:type\" content=\"article\" \/>\n<meta property=\"og:title\" content=\"Podcast - Golden Square Mile\" \/>\n<meta property=\"og:description\" content=\"Podcast The Golden&nbsp; Square Mile \u2013 A Gem to Explore An unique experience filled with stories and discoveries on the district. Put on your earphones and meet us at 690 Sherbrooke West to start the visit! In partnership with Montr\u00e9al centre-villehttps:\/\/soundcloud.com\/user-440268042\/le-mille-carre-dore-une-richesse-a-explorerAlso discover ... Our two self-guided tours of the neighborhoodThe Golden Square Mile Partners &nbsp;\" \/>\n<meta property=\"og:url\" content=\"https:\/\/www.goldenmontreal.ca\/en\/podcast\/\" \/>\n<meta property=\"og:site_name\" content=\"Golden Square Mile\" \/>\n<meta property=\"article:publisher\" content=\"https:\/\/www.facebook.com\/goldenmontreal\/\" \/>\n<meta property=\"article:modified_time\" content=\"2026-01-05T19:11:37+00:00\" \/>\n<meta name=\"twitter:card\" content=\"summary_large_image\" \/>\n<meta name=\"twitter:site\" content=\"@goldenmontreal\" \/>\n<meta name=\"twitter:label1\" content=\"Est. reading time\" \/>\n\t<meta name=\"twitter:data1\" content=\"5 minutes\" \/>\n<script type=\"application\/ld+json\" class=\"yoast-schema-graph\">{\"@context\":\"https:\\\/\\\/schema.org\",\"@graph\":[{\"@type\":\"WebPage\",\"@id\":\"https:\\\/\\\/www.goldenmontreal.ca\\\/en\\\/podcast\\\/\",\"url\":\"https:\\\/\\\/www.goldenmontreal.ca\\\/en\\\/podcast\\\/\",\"name\":\"Podcast - Golden Square Mile\",\"isPartOf\":{\"@id\":\"https:\\\/\\\/www.goldenmontreal.ca\\\/#website\"},\"datePublished\":\"2021-11-17T18:54:53+00:00\",\"dateModified\":\"2026-01-05T19:11:37+00:00\",\"breadcrumb\":{\"@id\":\"https:\\\/\\\/www.goldenmontreal.ca\\\/en\\\/podcast\\\/#breadcrumb\"},\"inLanguage\":\"en-US\",\"potentialAction\":[{\"@type\":\"ReadAction\",\"target\":[\"https:\\\/\\\/www.goldenmontreal.ca\\\/en\\\/podcast\\\/\"]}]},{\"@type\":\"BreadcrumbList\",\"@id\":\"https:\\\/\\\/www.goldenmontreal.ca\\\/en\\\/podcast\\\/#breadcrumb\",\"itemListElement\":[{\"@type\":\"ListItem\",\"position\":1,\"name\":\"Accueil\",\"item\":\"https:\\\/\\\/www.goldenmontreal.ca\\\/en\\\/\"},{\"@type\":\"ListItem\",\"position\":2,\"name\":\"Podcast\"}]},{\"@type\":\"WebSite\",\"@id\":\"https:\\\/\\\/www.goldenmontreal.ca\\\/#website\",\"url\":\"https:\\\/\\\/www.goldenmontreal.ca\\\/\",\"name\":\"Golden Square Mile\",\"description\":\"Sophistiqu\u00e9 - Vibrant - Luxueux\",\"publisher\":{\"@id\":\"https:\\\/\\\/www.goldenmontreal.ca\\\/#organization\"},\"potentialAction\":[{\"@type\":\"SearchAction\",\"target\":{\"@type\":\"EntryPoint\",\"urlTemplate\":\"https:\\\/\\\/www.goldenmontreal.ca\\\/?s={search_term_string}\"},\"query-input\":{\"@type\":\"PropertyValueSpecification\",\"valueRequired\":true,\"valueName\":\"search_term_string\"}}],\"inLanguage\":\"en-US\"},{\"@type\":\"Organization\",\"@id\":\"https:\\\/\\\/www.goldenmontreal.ca\\\/#organization\",\"name\":\"Golden Square Mile\",\"url\":\"https:\\\/\\\/www.goldenmontreal.ca\\\/\",\"logo\":{\"@type\":\"ImageObject\",\"inLanguage\":\"en-US\",\"@id\":\"https:\\\/\\\/www.goldenmontreal.ca\\\/#\\\/schema\\\/logo\\\/image\\\/\",\"url\":\"https:\\\/\\\/www.goldenmontreal.ca\\\/wp-content\\\/uploads\\\/2021\\\/07\\\/cropped-LogoColor_500px.png\",\"contentUrl\":\"https:\\\/\\\/www.goldenmontreal.ca\\\/wp-content\\\/uploads\\\/2021\\\/07\\\/cropped-LogoColor_500px.png\",\"width\":500,\"height\":500,\"caption\":\"Golden Square Mile\"},\"image\":{\"@id\":\"https:\\\/\\\/www.goldenmontreal.ca\\\/#\\\/schema\\\/logo\\\/image\\\/\"},\"sameAs\":[\"https:\\\/\\\/www.facebook.com\\\/goldenmontreal\\\/\",\"https:\\\/\\\/x.com\\\/goldenmontreal\",\"https:\\\/\\\/www.instagram.com\\\/goldenmontreal\\\/?hl=fr\"]}]}<\/script>\n<!-- \/ Yoast SEO plugin. -->","yoast_head_json":{"title":"Podcast - Golden Square Mile","robots":{"index":"index","follow":"follow","max-snippet":"max-snippet:-1","max-image-preview":"max-image-preview:large","max-video-preview":"max-video-preview:-1"},"canonical":"https:\/\/www.goldenmontreal.ca\/en\/podcast\/","og_locale":"en_US","og_type":"article","og_title":"Podcast - Golden Square Mile","og_description":"Podcast The Golden&nbsp; Square Mile \u2013 A Gem to Explore An unique experience filled with stories and discoveries on the district. Put on your earphones and meet us at 690 Sherbrooke West to start the visit! In partnership with Montr\u00e9al centre-villehttps:\/\/soundcloud.com\/user-440268042\/le-mille-carre-dore-une-richesse-a-explorerAlso discover ... Our two self-guided tours of the neighborhoodThe Golden Square Mile Partners &nbsp;","og_url":"https:\/\/www.goldenmontreal.ca\/en\/podcast\/","og_site_name":"Golden Square Mile","article_publisher":"https:\/\/www.facebook.com\/goldenmontreal\/","article_modified_time":"2026-01-05T19:11:37+00:00","twitter_card":"summary_large_image","twitter_site":"@goldenmontreal","twitter_misc":{"Est. reading time":"5 minutes"},"schema":{"@context":"https:\/\/schema.org","@graph":[{"@type":"WebPage","@id":"https:\/\/www.goldenmontreal.ca\/en\/podcast\/","url":"https:\/\/www.goldenmontreal.ca\/en\/podcast\/","name":"Podcast - Golden Square Mile","isPartOf":{"@id":"https:\/\/www.goldenmontreal.ca\/#website"},"datePublished":"2021-11-17T18:54:53+00:00","dateModified":"2026-01-05T19:11:37+00:00","breadcrumb":{"@id":"https:\/\/www.goldenmontreal.ca\/en\/podcast\/#breadcrumb"},"inLanguage":"en-US","potentialAction":[{"@type":"ReadAction","target":["https:\/\/www.goldenmontreal.ca\/en\/podcast\/"]}]},{"@type":"BreadcrumbList","@id":"https:\/\/www.goldenmontreal.ca\/en\/podcast\/#breadcrumb","itemListElement":[{"@type":"ListItem","position":1,"name":"Accueil","item":"https:\/\/www.goldenmontreal.ca\/en\/"},{"@type":"ListItem","position":2,"name":"Podcast"}]},{"@type":"WebSite","@id":"https:\/\/www.goldenmontreal.ca\/#website","url":"https:\/\/www.goldenmontreal.ca\/","name":"Golden Square Mile","description":"Sophistiqu\u00e9 - Vibrant - Luxueux","publisher":{"@id":"https:\/\/www.goldenmontreal.ca\/#organization"},"potentialAction":[{"@type":"SearchAction","target":{"@type":"EntryPoint","urlTemplate":"https:\/\/www.goldenmontreal.ca\/?s={search_term_string}"},"query-input":{"@type":"PropertyValueSpecification","valueRequired":true,"valueName":"search_term_string"}}],"inLanguage":"en-US"},{"@type":"Organization","@id":"https:\/\/www.goldenmontreal.ca\/#organization","name":"Golden Square Mile","url":"https:\/\/www.goldenmontreal.ca\/","logo":{"@type":"ImageObject","inLanguage":"en-US","@id":"https:\/\/www.goldenmontreal.ca\/#\/schema\/logo\/image\/","url":"https:\/\/www.goldenmontreal.ca\/wp-content\/uploads\/2021\/07\/cropped-LogoColor_500px.png","contentUrl":"https:\/\/www.goldenmontreal.ca\/wp-content\/uploads\/2021\/07\/cropped-LogoColor_500px.png","width":500,"height":500,"caption":"Golden Square Mile"},"image":{"@id":"https:\/\/www.goldenmontreal.ca\/#\/schema\/logo\/image\/"},"sameAs":["https:\/\/www.facebook.com\/goldenmontreal\/","https:\/\/x.com\/goldenmontreal","https:\/\/www.instagram.com\/goldenmontreal\/?hl=fr"]}]}},"_links":{"self":[{"href":"https:\/\/www.goldenmontreal.ca\/en\/wp-json\/wp\/v2\/pages\/1333","targetHints":{"allow":["GET"]}}],"collection":[{"href":"https:\/\/www.goldenmontreal.ca\/en\/wp-json\/wp\/v2\/pages"}],"about":[{"href":"https:\/\/www.goldenmontreal.ca\/en\/wp-json\/wp\/v2\/types\/page"}],"author":[{"embeddable":true,"href":"https:\/\/www.goldenmontreal.ca\/en\/wp-json\/wp\/v2\/users\/2"}],"replies":[{"embeddable":true,"href":"https:\/\/www.goldenmontreal.ca\/en\/wp-json\/wp\/v2\/comments?post=1333"}],"version-history":[{"count":20,"href":"https:\/\/www.goldenmontreal.ca\/en\/wp-json\/wp\/v2\/pages\/1333\/revisions"}],"predecessor-version":[{"id":2287,"href":"https:\/\/www.goldenmontreal.ca\/en\/wp-json\/wp\/v2\/pages\/1333\/revisions\/2287"}],"wp:attachment":[{"href":"https:\/\/www.goldenmontreal.ca\/en\/wp-json\/wp\/v2\/media?parent=1333"}],"curies":[{"name":"wp","href":"https:\/\/api.w.org\/{rel}","templated":true}]}}