{"id":325,"date":"2021-07-16T16:04:18","date_gmt":"2021-07-16T20:04:18","guid":{"rendered":"https:\/\/www.goldenmontreal.ca\/mode-bien-etre-et-gastronomie\/"},"modified":"2026-01-19T10:25:14","modified_gmt":"2026-01-19T15:25:14","slug":"fashion-well-being-gastronomy","status":"publish","type":"page","link":"https:\/\/www.goldenmontreal.ca\/en\/fashion-well-being-gastronomy\/","title":{"rendered":"Fashion, Well-being and Gastronomy"},"content":{"rendered":"<p>[et_pb_section fb_built=&#8221;1&#8243; custom_padding_last_edited=&#8221;on|phone&#8221; disabled_on=&#8221;off|off|off&#8221; admin_label=&#8221;Section Bouton Parcours &#8211; TOP  &#8221; _builder_version=&#8221;4.16&#8243; _module_preset=&#8221;default&#8221; background_color=&#8221;#8e6d2f&#8221; custom_padding=&#8221;0px||0px||false|false&#8221; custom_padding_tablet=&#8221;&#8221; custom_padding_phone=&#8221;&#8221; da_disable_devices=&#8221;off|off|off&#8221; global_module=&#8221;2308&#8243; saved_tabs=&#8221;all&#8221; global_colors_info=&#8221;{}&#8221; da_is_popup=&#8221;off&#8221; da_exit_intent=&#8221;off&#8221; da_has_close=&#8221;on&#8221; da_alt_close=&#8221;off&#8221; da_dark_close=&#8221;off&#8221; da_not_modal=&#8221;on&#8221; da_is_singular=&#8221;off&#8221; da_with_loader=&#8221;off&#8221; da_has_shadow=&#8221;on&#8221;][et_pb_row column_structure=&#8221;1_2,1_2&#8243; use_custom_gutter=&#8221;on&#8221; gutter_width=&#8221;1&#8243; make_equal=&#8221;on&#8221; _builder_version=&#8221;4.16&#8243; _module_preset=&#8221;default&#8221; width=&#8221;100%&#8221; max_width=&#8221;100%&#8221; custom_padding=&#8221;0px||0px||false|false&#8221; global_colors_info=&#8221;{}&#8221;][et_pb_column type=&#8221;1_2&#8243; _builder_version=&#8221;4.16&#8243; _module_preset=&#8221;default&#8221; border_width_right=&#8221;1px&#8221; border_color_right=&#8221;#000000&#8243; border_width_bottom=&#8221;2px&#8221; border_color_bottom=&#8221;#464646&#8243; global_colors_info=&#8221;{}&#8221;][et_pb_button button_url=&#8221;@ET-DC@eyJkeW5hbWljIjp0cnVlLCJjb250ZW50IjoicG9zdF9saW5rX3VybF9wYWdlIiwic2V0dGluZ3MiOnsicG9zdF9pZCI6IjUxIiwiZW5hYmxlX2h0bWwiOiJvZmYifX0=@&#8221; button_text=&#8221;Architecture, History and Art&#8221; button_alignment=&#8221;center&#8221; admin_label=&#8221;Bouton Architecture, histoire et art&#8221; _builder_version=&#8221;4.27.5&#8243; _dynamic_attributes=&#8221;button_url&#8221; _module_preset=&#8221;default&#8221; custom_button=&#8221;on&#8221; button_font=&#8221;|||on|||||&#8221; button_icon=&#8221;&#x35;||divi||400&#8243; button_on_hover=&#8221;off&#8221; background_layout=&#8221;dark&#8221; custom_padding=&#8221;10px||10px||false|false&#8221; custom_css_main_element=&#8221;width:100%;&#8221; global_colors_info=&#8221;{}&#8221;][\/et_pb_button][\/et_pb_column][et_pb_column type=&#8221;1_2&#8243; _builder_version=&#8221;4.16&#8243; _module_preset=&#8221;default&#8221; border_width_bottom=&#8221;2px&#8221; border_color_bottom=&#8221;#464646&#8243; border_width_left=&#8221;1px&#8221; border_color_left=&#8221;#000000&#8243; global_colors_info=&#8221;{}&#8221;][et_pb_button button_url=&#8221;@ET-DC@eyJkeW5hbWljIjp0cnVlLCJjb250ZW50IjoicG9zdF9saW5rX3VybF9wYWdlIiwic2V0dGluZ3MiOnsicG9zdF9pZCI6IjU0IiwiZW5hYmxlX2h0bWwiOiJvZmYifX0=@&#8221; button_text=&#8221;Fashion, Well-being and Gastronomy&#8221; button_alignment=&#8221;center&#8221; admin_label=&#8221;Bouton Mode, bien-\u00eatre et gastronomie&#8221; _builder_version=&#8221;4.27.5&#8243; _dynamic_attributes=&#8221;button_url&#8221; _module_preset=&#8221;default&#8221; custom_button=&#8221;on&#8221; button_font=&#8221;|||on|||||&#8221; button_icon=&#8221;&#x35;||divi||400&#8243; button_on_hover=&#8221;off&#8221; background_layout=&#8221;dark&#8221; custom_padding=&#8221;10px||10px||false|false&#8221; custom_css_main_element=&#8221;width:100%;&#8221; global_colors_info=&#8221;{}&#8221;][\/et_pb_button][\/et_pb_column][\/et_pb_row][\/et_pb_section][et_pb_section fb_built=&#8221;1&#8243; admin_label=&#8221;Section \u00c0 propos&#8221; _builder_version=&#8221;4.16&#8243; _module_preset=&#8221;default&#8221; background_color=&#8221;#464646&#8243; custom_padding=&#8221;50px||50px||true|false&#8221; da_disable_devices=&#8221;off|off|off&#8221; global_colors_info=&#8221;{}&#8221; da_is_popup=&#8221;off&#8221; da_exit_intent=&#8221;off&#8221; da_has_close=&#8221;on&#8221; da_alt_close=&#8221;off&#8221; da_dark_close=&#8221;off&#8221; da_not_modal=&#8221;on&#8221; da_is_singular=&#8221;off&#8221; da_with_loader=&#8221;off&#8221; da_has_shadow=&#8221;on&#8221;][et_pb_row _builder_version=&#8221;4.16&#8243; _module_preset=&#8221;default&#8221; global_colors_info=&#8221;{}&#8221;][et_pb_column type=&#8221;4_4&#8243; _builder_version=&#8221;4.16&#8243; _module_preset=&#8221;default&#8221; global_colors_info=&#8221;{}&#8221;][et_pb_text admin_label=&#8221;Titre de la section&#8221; _builder_version=&#8221;4.16&#8243; _module_preset=&#8221;default&#8221; background_layout=&#8221;dark&#8221; global_colors_info=&#8221;{}&#8221;]<\/p>\n<h2>Fashion, Well-being and Gastronomy<\/h2>\n<p>[\/et_pb_text][\/et_pb_column][\/et_pb_row][et_pb_row _builder_version=&#8221;4.16&#8243; _module_preset=&#8221;default&#8221; width=&#8221;60%&#8221; max_width=&#8221;1000px&#8221; global_colors_info=&#8221;{}&#8221;][et_pb_column type=&#8221;4_4&#8243; _builder_version=&#8221;4.16&#8243; _module_preset=&#8221;default&#8221; global_colors_info=&#8221;{}&#8221;][et_pb_text admin_label=&#8221;Texte de la section&#8221; _builder_version=&#8221;4.16&#8243; _module_preset=&#8221;default&#8221; background_layout=&#8221;dark&#8221; global_colors_info=&#8221;{}&#8221;]<\/p>\n<p>The following itinerary will bring you in the heart of the most luxurious boutiques of Montreal while making you enjoy the nature side and outdoor spaces of downtown passing by the foot of the Mount Royal through the Fleuve Montage path. The Golden Square Mile, being a gastronomic and hospitality epicenter will also Le Mille Carr\u00e9 Dor\u00e9 \u00e9tant un \u00e9picentre gastronomique et h\u00f4telier will also make you discover its well known restaurants dotting the neighborhood.<\/p>\n<p>[\/et_pb_text][\/et_pb_column][\/et_pb_row][\/et_pb_section][et_pb_section fb_built=&#8221;1&#8243; admin_label=&#8221;Section Map&#8221; _builder_version=&#8221;4.16&#8243; _module_preset=&#8221;default&#8221; custom_padding=&#8221;0px||0px||false|false&#8221; da_disable_devices=&#8221;off|off|off&#8221; global_colors_info=&#8221;{}&#8221; da_is_popup=&#8221;off&#8221; da_exit_intent=&#8221;off&#8221; da_has_close=&#8221;on&#8221; da_alt_close=&#8221;off&#8221; da_dark_close=&#8221;off&#8221; da_not_modal=&#8221;on&#8221; da_is_singular=&#8221;off&#8221; da_with_loader=&#8221;off&#8221; da_has_shadow=&#8221;on&#8221;][et_pb_row use_custom_gutter=&#8221;on&#8221; gutter_width=&#8221;1&#8243; _builder_version=&#8221;4.16&#8243; _module_preset=&#8221;default&#8221; width=&#8221;100%&#8221; max_width=&#8221;2000px&#8221; custom_padding=&#8221;0px||0px||false|false&#8221; global_colors_info=&#8221;{}&#8221;][et_pb_column type=&#8221;4_4&#8243; _builder_version=&#8221;4.16&#8243; _module_preset=&#8221;default&#8221; global_colors_info=&#8221;{}&#8221;][et_pb_text _builder_version=&#8221;4.16&#8243; _module_preset=&#8221;default&#8221; global_colors_info=&#8221;{}&#8221;]<iframe loading=\"lazy\" src=\"https:\/\/www.google.com\/maps\/d\/embed?mid=1P82yrVUxEyYLeIZ5hnE0utq09gJiUCZS\" width=\"100%\" height=\"480\"><\/iframe>[\/et_pb_text][\/et_pb_column][\/et_pb_row][\/et_pb_section][et_pb_section fb_built=&#8221;1&#8243; _builder_version=&#8221;4.16&#8243; _module_preset=&#8221;default&#8221; background_color=&#8221;#373737&#8243; custom_padding=&#8221;0px||0px||false|false&#8221; da_disable_devices=&#8221;off|off|off&#8221; global_colors_info=&#8221;{}&#8221; da_is_popup=&#8221;off&#8221; da_exit_intent=&#8221;off&#8221; da_has_close=&#8221;on&#8221; da_alt_close=&#8221;off&#8221; da_dark_close=&#8221;off&#8221; da_not_modal=&#8221;on&#8221; da_is_singular=&#8221;off&#8221; da_with_loader=&#8221;off&#8221; da_has_shadow=&#8221;on&#8221;][et_pb_row _builder_version=&#8221;4.16&#8243; _module_preset=&#8221;default&#8221; custom_padding=&#8221;0px||0px||false|false&#8221; global_colors_info=&#8221;{}&#8221;][et_pb_column type=&#8221;4_4&#8243; _builder_version=&#8221;4.16&#8243; _module_preset=&#8221;default&#8221; global_colors_info=&#8221;{}&#8221;][et_pb_text _builder_version=&#8221;4.27.5&#8243; _module_preset=&#8221;default&#8221; hover_enabled=&#8221;0&#8243; global_colors_info=&#8221;{}&#8221; sticky_enabled=&#8221;0&#8243;]<\/p>\n<div class=\"n2_ss_slider_publish__option_code\" dir=\"ltr\" data-mode=\"id\"><\/div>\n<p>[\/et_pb_text][\/et_pb_column][\/et_pb_row][\/et_pb_section]<\/p>\n","protected":false},"excerpt":{"rendered":"<p>Fashion, Well-being and GastronomyThe following itinerary will bring you in the heart of the most luxurious boutiques of Montreal while making you enjoy the nature side and outdoor spaces of downtown passing by the foot of the Mount Royal through the Fleuve Montage path. The Golden Square Mile, being a gastronomic and hospitality epicenter will [&hellip;]<\/p>\n","protected":false},"author":2,"featured_media":0,"parent":0,"menu_order":0,"comment_status":"closed","ping_status":"closed","template":"","meta":{"_acf_changed":false,"_et_pb_use_builder":"on","_et_pb_old_content":"","_et_gb_content_width":"","footnotes":""},"class_list":["post-325","page","type-page","status-publish","hentry"],"acf":[],"yoast_head":"<!-- This site is optimized with the Yoast SEO plugin v27.6 - https:\/\/yoast.com\/product\/yoast-seo-wordpress\/ -->\n<title>Fashion, Well-being and Gastronomy - Golden Square Mile<\/title>\n<meta name=\"robots\" content=\"index, follow, max-snippet:-1, max-image-preview:large, max-video-preview:-1\" \/>\n<link rel=\"canonical\" href=\"https:\/\/www.goldenmontreal.ca\/en\/fashion-well-being-gastronomy\/\" \/>\n<meta property=\"og:locale\" content=\"en_US\" \/>\n<meta property=\"og:type\" content=\"article\" \/>\n<meta property=\"og:title\" content=\"Fashion, Well-being and Gastronomy - Golden Square Mile\" \/>\n<meta property=\"og:description\" content=\"Fashion, Well-being and GastronomyThe following itinerary will bring you in the heart of the most luxurious boutiques of Montreal while making you enjoy the nature side and outdoor spaces of downtown passing by the foot of the Mount Royal through the Fleuve Montage path. The Golden Square Mile, being a gastronomic and hospitality epicenter will [&hellip;]\" \/>\n<meta property=\"og:url\" content=\"https:\/\/www.goldenmontreal.ca\/en\/fashion-well-being-gastronomy\/\" \/>\n<meta property=\"og:site_name\" content=\"Golden Square Mile\" \/>\n<meta property=\"article:publisher\" content=\"https:\/\/www.facebook.com\/goldenmontreal\/\" \/>\n<meta property=\"article:modified_time\" content=\"2026-01-19T15:25:14+00:00\" \/>\n<meta name=\"twitter:card\" content=\"summary_large_image\" \/>\n<meta name=\"twitter:site\" content=\"@goldenmontreal\" \/>\n<meta name=\"twitter:label1\" content=\"Est. reading time\" \/>\n\t<meta name=\"twitter:data1\" content=\"1 minute\" \/>\n<script type=\"application\/ld+json\" class=\"yoast-schema-graph\">{\"@context\":\"https:\\\/\\\/schema.org\",\"@graph\":[{\"@type\":\"WebPage\",\"@id\":\"https:\\\/\\\/www.goldenmontreal.ca\\\/en\\\/fashion-well-being-gastronomy\\\/\",\"url\":\"https:\\\/\\\/www.goldenmontreal.ca\\\/en\\\/fashion-well-being-gastronomy\\\/\",\"name\":\"Fashion, Well-being and Gastronomy - Golden Square Mile\",\"isPartOf\":{\"@id\":\"https:\\\/\\\/www.goldenmontreal.ca\\\/#website\"},\"datePublished\":\"2021-07-16T20:04:18+00:00\",\"dateModified\":\"2026-01-19T15:25:14+00:00\",\"breadcrumb\":{\"@id\":\"https:\\\/\\\/www.goldenmontreal.ca\\\/en\\\/fashion-well-being-gastronomy\\\/#breadcrumb\"},\"inLanguage\":\"en-US\",\"potentialAction\":[{\"@type\":\"ReadAction\",\"target\":[\"https:\\\/\\\/www.goldenmontreal.ca\\\/en\\\/fashion-well-being-gastronomy\\\/\"]}]},{\"@type\":\"BreadcrumbList\",\"@id\":\"https:\\\/\\\/www.goldenmontreal.ca\\\/en\\\/fashion-well-being-gastronomy\\\/#breadcrumb\",\"itemListElement\":[{\"@type\":\"ListItem\",\"position\":1,\"name\":\"Accueil\",\"item\":\"https:\\\/\\\/www.goldenmontreal.ca\\\/en\\\/\"},{\"@type\":\"ListItem\",\"position\":2,\"name\":\"Fashion, Well-being and Gastronomy\"}]},{\"@type\":\"WebSite\",\"@id\":\"https:\\\/\\\/www.goldenmontreal.ca\\\/#website\",\"url\":\"https:\\\/\\\/www.goldenmontreal.ca\\\/\",\"name\":\"Golden Square Mile\",\"description\":\"Sophistiqu\u00e9 - Vibrant - Luxueux\",\"publisher\":{\"@id\":\"https:\\\/\\\/www.goldenmontreal.ca\\\/#organization\"},\"potentialAction\":[{\"@type\":\"SearchAction\",\"target\":{\"@type\":\"EntryPoint\",\"urlTemplate\":\"https:\\\/\\\/www.goldenmontreal.ca\\\/?s={search_term_string}\"},\"query-input\":{\"@type\":\"PropertyValueSpecification\",\"valueRequired\":true,\"valueName\":\"search_term_string\"}}],\"inLanguage\":\"en-US\"},{\"@type\":\"Organization\",\"@id\":\"https:\\\/\\\/www.goldenmontreal.ca\\\/#organization\",\"name\":\"Golden Square Mile\",\"url\":\"https:\\\/\\\/www.goldenmontreal.ca\\\/\",\"logo\":{\"@type\":\"ImageObject\",\"inLanguage\":\"en-US\",\"@id\":\"https:\\\/\\\/www.goldenmontreal.ca\\\/#\\\/schema\\\/logo\\\/image\\\/\",\"url\":\"https:\\\/\\\/www.goldenmontreal.ca\\\/wp-content\\\/uploads\\\/2021\\\/07\\\/cropped-LogoColor_500px.png\",\"contentUrl\":\"https:\\\/\\\/www.goldenmontreal.ca\\\/wp-content\\\/uploads\\\/2021\\\/07\\\/cropped-LogoColor_500px.png\",\"width\":500,\"height\":500,\"caption\":\"Golden Square Mile\"},\"image\":{\"@id\":\"https:\\\/\\\/www.goldenmontreal.ca\\\/#\\\/schema\\\/logo\\\/image\\\/\"},\"sameAs\":[\"https:\\\/\\\/www.facebook.com\\\/goldenmontreal\\\/\",\"https:\\\/\\\/x.com\\\/goldenmontreal\",\"https:\\\/\\\/www.instagram.com\\\/goldenmontreal\\\/?hl=fr\"]}]}<\/script>\n<!-- \/ Yoast SEO plugin. -->","yoast_head_json":{"title":"Fashion, Well-being and Gastronomy - Golden Square Mile","robots":{"index":"index","follow":"follow","max-snippet":"max-snippet:-1","max-image-preview":"max-image-preview:large","max-video-preview":"max-video-preview:-1"},"canonical":"https:\/\/www.goldenmontreal.ca\/en\/fashion-well-being-gastronomy\/","og_locale":"en_US","og_type":"article","og_title":"Fashion, Well-being and Gastronomy - Golden Square Mile","og_description":"Fashion, Well-being and GastronomyThe following itinerary will bring you in the heart of the most luxurious boutiques of Montreal while making you enjoy the nature side and outdoor spaces of downtown passing by the foot of the Mount Royal through the Fleuve Montage path. The Golden Square Mile, being a gastronomic and hospitality epicenter will [&hellip;]","og_url":"https:\/\/www.goldenmontreal.ca\/en\/fashion-well-being-gastronomy\/","og_site_name":"Golden Square Mile","article_publisher":"https:\/\/www.facebook.com\/goldenmontreal\/","article_modified_time":"2026-01-19T15:25:14+00:00","twitter_card":"summary_large_image","twitter_site":"@goldenmontreal","twitter_misc":{"Est. reading time":"1 minute"},"schema":{"@context":"https:\/\/schema.org","@graph":[{"@type":"WebPage","@id":"https:\/\/www.goldenmontreal.ca\/en\/fashion-well-being-gastronomy\/","url":"https:\/\/www.goldenmontreal.ca\/en\/fashion-well-being-gastronomy\/","name":"Fashion, Well-being and Gastronomy - Golden Square Mile","isPartOf":{"@id":"https:\/\/www.goldenmontreal.ca\/#website"},"datePublished":"2021-07-16T20:04:18+00:00","dateModified":"2026-01-19T15:25:14+00:00","breadcrumb":{"@id":"https:\/\/www.goldenmontreal.ca\/en\/fashion-well-being-gastronomy\/#breadcrumb"},"inLanguage":"en-US","potentialAction":[{"@type":"ReadAction","target":["https:\/\/www.goldenmontreal.ca\/en\/fashion-well-being-gastronomy\/"]}]},{"@type":"BreadcrumbList","@id":"https:\/\/www.goldenmontreal.ca\/en\/fashion-well-being-gastronomy\/#breadcrumb","itemListElement":[{"@type":"ListItem","position":1,"name":"Accueil","item":"https:\/\/www.goldenmontreal.ca\/en\/"},{"@type":"ListItem","position":2,"name":"Fashion, Well-being and Gastronomy"}]},{"@type":"WebSite","@id":"https:\/\/www.goldenmontreal.ca\/#website","url":"https:\/\/www.goldenmontreal.ca\/","name":"Golden Square Mile","description":"Sophistiqu\u00e9 - Vibrant - Luxueux","publisher":{"@id":"https:\/\/www.goldenmontreal.ca\/#organization"},"potentialAction":[{"@type":"SearchAction","target":{"@type":"EntryPoint","urlTemplate":"https:\/\/www.goldenmontreal.ca\/?s={search_term_string}"},"query-input":{"@type":"PropertyValueSpecification","valueRequired":true,"valueName":"search_term_string"}}],"inLanguage":"en-US"},{"@type":"Organization","@id":"https:\/\/www.goldenmontreal.ca\/#organization","name":"Golden Square Mile","url":"https:\/\/www.goldenmontreal.ca\/","logo":{"@type":"ImageObject","inLanguage":"en-US","@id":"https:\/\/www.goldenmontreal.ca\/#\/schema\/logo\/image\/","url":"https:\/\/www.goldenmontreal.ca\/wp-content\/uploads\/2021\/07\/cropped-LogoColor_500px.png","contentUrl":"https:\/\/www.goldenmontreal.ca\/wp-content\/uploads\/2021\/07\/cropped-LogoColor_500px.png","width":500,"height":500,"caption":"Golden Square Mile"},"image":{"@id":"https:\/\/www.goldenmontreal.ca\/#\/schema\/logo\/image\/"},"sameAs":["https:\/\/www.facebook.com\/goldenmontreal\/","https:\/\/x.com\/goldenmontreal","https:\/\/www.instagram.com\/goldenmontreal\/?hl=fr"]}]}},"_links":{"self":[{"href":"https:\/\/www.goldenmontreal.ca\/en\/wp-json\/wp\/v2\/pages\/325","targetHints":{"allow":["GET"]}}],"collection":[{"href":"https:\/\/www.goldenmontreal.ca\/en\/wp-json\/wp\/v2\/pages"}],"about":[{"href":"https:\/\/www.goldenmontreal.ca\/en\/wp-json\/wp\/v2\/types\/page"}],"author":[{"embeddable":true,"href":"https:\/\/www.goldenmontreal.ca\/en\/wp-json\/wp\/v2\/users\/2"}],"replies":[{"embeddable":true,"href":"https:\/\/www.goldenmontreal.ca\/en\/wp-json\/wp\/v2\/comments?post=325"}],"version-history":[{"count":13,"href":"https:\/\/www.goldenmontreal.ca\/en\/wp-json\/wp\/v2\/pages\/325\/revisions"}],"predecessor-version":[{"id":2313,"href":"https:\/\/www.goldenmontreal.ca\/en\/wp-json\/wp\/v2\/pages\/325\/revisions\/2313"}],"wp:attachment":[{"href":"https:\/\/www.goldenmontreal.ca\/en\/wp-json\/wp\/v2\/media?parent=325"}],"curies":[{"name":"wp","href":"https:\/\/api.w.org\/{rel}","templated":true}]}}